{"id":253,"date":"2025-06-29T21:15:11","date_gmt":"2025-06-29T21:15:11","guid":{"rendered":"https:\/\/megatrade.ca\/carrieres\/"},"modified":"2025-06-30T20:02:13","modified_gmt":"2025-06-30T20:02:13","slug":"carrieres","status":"publish","type":"page","link":"https:\/\/megatrade.ca\/fr\/carrieres\/","title":{"rendered":"Carri\u00e8res"},"content":{"rendered":"<p><strong>\u00cates-vous un fervent partisan de la poursuite de la r\u00e9invention\u00a0?<\/strong><\/p>\n<p>Chez Mega trade, nous nous engageons \u00e0 attirer et \u00e0 embaucher les candidats les plus qualifi\u00e9s.<br \/>\nSi vous avez de l&rsquo;exp\u00e9rience dans le domaine du commerce d&rsquo;importation et d&rsquo;exportation, n&rsquo;h\u00e9sitez pas \u00e0 envoyer votre curriculum vitae \u00e0\u00a0: <a href=\"mailto:hr@megatrade.ca\">hr@megatrade.ca<\/a><\/p>\n","protected":false},"excerpt":{"rendered":"<p>\u00cates-vous un fervent partisan de la poursuite de la r\u00e9invention\u00a0? Chez Mega trade, nous nous engageons \u00e0 attirer et \u00e0 embaucher les candidats les plus qualifi\u00e9s. Si vous avez de l&rsquo;exp\u00e9rience dans le domaine du commerce d&rsquo;importation et d&rsquo;exportation, n&rsquo;h\u00e9sitez pas \u00e0 envoyer votre curriculum vitae \u00e0\u00a0: hr@megatrade.ca<\/p>\n","protected":false},"author":1,"featured_media":251,"parent":0,"menu_order":0,"comment_status":"closed","ping_status":"closed","template":"","meta":{"inline_featured_image":false,"footnotes":""},"class_list":["post-253","page","type-page","status-publish","has-post-thumbnail","hentry"],"_links":{"self":[{"href":"https:\/\/megatrade.ca\/fr\/wp-json\/wp\/v2\/pages\/253","targetHints":{"allow":["GET"]}}],"collection":[{"href":"https:\/\/megatrade.ca\/fr\/wp-json\/wp\/v2\/pages"}],"about":[{"href":"https:\/\/megatrade.ca\/fr\/wp-json\/wp\/v2\/types\/page"}],"author":[{"embeddable":true,"href":"https:\/\/megatrade.ca\/fr\/wp-json\/wp\/v2\/users\/1"}],"replies":[{"embeddable":true,"href":"https:\/\/megatrade.ca\/fr\/wp-json\/wp\/v2\/comments?post=253"}],"version-history":[{"count":1,"href":"https:\/\/megatrade.ca\/fr\/wp-json\/wp\/v2\/pages\/253\/revisions"}],"predecessor-version":[{"id":256,"href":"https:\/\/megatrade.ca\/fr\/wp-json\/wp\/v2\/pages\/253\/revisions\/256"}],"wp:featuredmedia":[{"embeddable":true,"href":"https:\/\/megatrade.ca\/fr\/wp-json\/wp\/v2\/media\/251"}],"wp:attachment":[{"href":"https:\/\/megatrade.ca\/fr\/wp-json\/wp\/v2\/media?parent=253"}],"curies":[{"name":"wp","href":"https:\/\/api.w.org\/{rel}","templated":true}]}}