{"id":154,"date":"2025-06-20T00:13:55","date_gmt":"2025-06-20T00:13:55","guid":{"rendered":"http:\/\/mega-trading.test\/politique-de-confidentialite\/"},"modified":"2025-06-23T22:16:48","modified_gmt":"2025-06-23T22:16:48","slug":"politique-de-confidentialite","status":"publish","type":"page","link":"https:\/\/megatrade.ca\/fr\/politique-de-confidentialite\/","title":{"rendered":"politique de confidentialit\u00e9"},"content":{"rendered":"<p><strong>Politique de confidentialit\u00e9<\/strong><br \/>\n<\/p>\n<p>Contexte juridique canadien en mati\u00e8re de protection de la vie priv\u00e9e\u00a0:<\/p>\n<p>Au Canada, la protection de la vie priv\u00e9e dans le secteur priv\u00e9 est principalement r\u00e9gie par la Loi sur la protection des renseignements personnels et les documents \u00e9lectroniques (LPRPDE) au niveau f\u00e9d\u00e9ral. Certaines provinces (comme le Qu\u00e9bec, l&rsquo;Alberta et la Colombie-Britannique) ont leurs propres lois sur la protection de la vie priv\u00e9e, consid\u00e9r\u00e9es comme \u00ab\u00a0essentiellement similaires\u00a0\u00bb \u00e0 la LPRPDE et s&rsquo;y appliquant. Les entreprises exer\u00e7ant leurs activit\u00e9s au-del\u00e0 des fronti\u00e8res provinciales ou \u00e0 l&rsquo;\u00e9tranger doivent g\u00e9n\u00e9ralement se conformer \u00e0 la LPRPDE.<\/p>\n<p>Les principes cl\u00e9s de la LPRPDE qui seraient refl\u00e9t\u00e9s dans une politique de confidentialit\u00e9 comprennent\u00a0:<\/p>\n<p>Responsabilit\u00e9\u00a0: Les organisations sont responsables des renseignements personnels qu&rsquo;elles d\u00e9tiennent.<br \/>\nD\u00e9termination des fins\u00a0: Les fins de la collecte de renseignements personnels doivent \u00eatre d\u00e9termin\u00e9es avant ou au moment de la collecte.<br \/>\nConsentement\u00a0: La personne doit \u00eatre inform\u00e9e et consentir \u00e0 la collecte, \u00e0 l&rsquo;utilisation et \u00e0 la divulgation de ses renseignements personnels. Le consentement doit \u00eatre \u00ab\u00a0significatif\u00a0\u00bb (clair, \u00e9clair\u00e9 et facilement r\u00e9vocable).<br \/>\nLimitation de la collecte\u00a0: La collecte de renseignements personnels doit se limiter \u00e0 ce qui est n\u00e9cessaire aux fins d\u00e9termin\u00e9es.<br \/>\nLimitation de l&rsquo;utilisation, de la divulgation et de la conservation\u00a0: Les renseignements personnels ne doivent \u00eatre utilis\u00e9s ou divulgu\u00e9s qu&rsquo;aux fins pour lesquelles ils ont \u00e9t\u00e9 recueillis et ne doivent \u00eatre conserv\u00e9s qu&rsquo;aussi longtemps que n\u00e9cessaire.<br \/>\nExactitude\u00a0: Les renseignements personnels doivent \u00eatre exacts, complets et \u00e0 jour.<br \/>\nMesures de s\u00e9curit\u00e9\u00a0: Les renseignements personnels doivent \u00eatre prot\u00e9g\u00e9s par des mesures de s\u00e9curit\u00e9 adapt\u00e9es \u00e0 leur sensibilit\u00e9.<br \/>\nTransparence\u00a0: Les organisations doivent rendre facilement accessibles les renseignements sur leurs politiques et pratiques de confidentialit\u00e9.<br \/>\nAcc\u00e8s individuel\u00a0: Les personnes ont le droit d&rsquo;acc\u00e9der \u00e0 leurs renseignements personnels et d&rsquo;en contester l&rsquo;exactitude.<br \/>\nContestation de conformit\u00e9\u00a0: Les gens peuvent d\u00e9poser une plainte en cas de non-conformit\u00e9 aupr\u00e8s de l&rsquo;organisation.<br \/>\nSections types d&rsquo;une politique de confidentialit\u00e9 pour une grande entreprise canadienne\u00a0:<\/p>\n<p>Aper\u00e7u\/Engagement en mati\u00e8re de confidentialit\u00e9\u00a0:<\/p>\n<p>D\u00e9clare l&rsquo;engagement de l&rsquo;entreprise \u00e0 prot\u00e9ger la vie priv\u00e9e des utilisateurs.<br \/>\nFait r\u00e9f\u00e9rence \u00e0 la conformit\u00e9 aux lois canadiennes applicables en mati\u00e8re de protection de la vie priv\u00e9e (p. ex., LPRPDE, lois provinciales sur la protection de la vie priv\u00e9e).<br \/>\nQuels renseignements personnels sont recueillis\u00a0:<\/p>\n<p>Coordonn\u00e9es\u00a0: Nom, adresse, courriel, num\u00e9ro de t\u00e9l\u00e9phone.<br \/>\nRenseignements sur le compte\u00a0: Nom d\u2019utilisateur, mot de passe, nom de l\u2019entreprise (pour le B2B).<br \/>\nInformations de paiement\u00a0: Informations de carte de cr\u00e9dit (souvent trait\u00e9es par des processeurs tiers conformes \u00e0 la norme PCI, l\u2019entreprise elle-m\u00eame peut donc ne pas stocker l\u2019int\u00e9gralit\u00e9 des informations), adresse de facturation.<br \/>\nInformations transactionnelles\u00a0: Historique des achats, d\u00e9tails des commandes, activit\u00e9 commerciale.<br \/>\nInformations techniques\u00a0: adresse IP, type de navigateur, renseignements sur l\u2019appareil, syst\u00e8me d\u2019exploitation, t\u00e9moins, donn\u00e9es d\u2019utilisation (pages consult\u00e9es, temps pass\u00e9 sur le site).<br \/>\nDonn\u00e9es de communication\u00a0: Enregistrement des communications (courriels, clavardage, appels t\u00e9l\u00e9phoniques, s&rsquo;ils sont enregistr\u00e9s, avec consentement).<br \/>\nInformations sp\u00e9cifiques \u00e0 l\u2019entreprise\u00a0: Selon le secteur d\u2019activit\u00e9 (par exemple, pour l\u2019import\/export\u00a0: renseignements sur le courtage en douane, classifications des produits\u00a0; pour la vente en gros\u00a0: besoins en stocks, listes de clients).<br \/>\nMode de collecte des renseignements personnels\u00a0:<\/p>\n<p>Directement aupr\u00e8s des utilisateurs (par exemple, cr\u00e9ation de compte, bons de commande, demandes de renseignements).<br \/>\nAutomatiquement via l\u2019utilisation du site Web\/de l\u2019application (par exemple, t\u00e9moins, outils d\u2019analyse).<br \/>\nAupr\u00e8s de tiers (p. ex., agences d&rsquo;\u00e9valuation du cr\u00e9dit, partenaires commerciaux, sources publiques, g\u00e9n\u00e9ralement avec le consentement de l&rsquo;utilisateur ou dans les limites permises par la loi).<br \/>\nFinalit\u00e9s de la collecte et de l&rsquo;utilisation des renseignements personnels\u00a0:<\/p>\n<p>Fourniture de services\u00a0: Gestion des commandes, gestion des comptes, livraison de produits\/services.<br \/>\nCommunication\u00a0: Envoi de confirmations de commande, de mises \u00e0 jour d&rsquo;exp\u00e9dition, r\u00e9ponse aux demandes de renseignements.<br \/>\nAm\u00e9lioration des services\u00a0: analyse de l&rsquo;utilisation du site Web, personnalisation de l&rsquo;exp\u00e9rience utilisateur, d\u00e9veloppement de nouvelles fonctionnalit\u00e9s.<br \/>\nMarketing et promotions\u00a0: Envoi d&rsquo;offres pertinentes, bulletins d&rsquo;information (avec consentement explicite).<br \/>\nS\u00e9curit\u00e9 et pr\u00e9vention de la fraude\u00a0: Protection contre les acc\u00e8s non autoris\u00e9s, v\u00e9rification de l&rsquo;identit\u00e9.<br \/>\nRespect des obligations l\u00e9gales\u00a0: Respect des exigences r\u00e9glementaires, r\u00e9ponse aux demandes l\u00e9gales.<br \/>\nOp\u00e9rations internes\u00a0: Comptabilit\u00e9, audit, reporting.<br \/>\nDivulgation des renseignements personnels\u00a0:<\/p>\n<p>Fournisseurs de services tiers\u00a0: Facilitation des op\u00e9rations (p. ex., processeurs de paiement, transporteurs, fournisseurs de services informatiques, fournisseurs d\u2019analyses, plateformes de soutien \u00e0 la client\u00e8le). Ces fournisseurs sont g\u00e9n\u00e9ralement li\u00e9s par des ententes de confidentialit\u00e9. Partenaires d&rsquo;affaires\u00a0: Pour les coentreprises ou les efforts de co-marketing (avec consentement).<br \/>\nAutorit\u00e9s l\u00e9gales\/r\u00e9glementaires\u00a0: Lorsque la loi, une assignation \u00e0 compara\u00eetre, une ordonnance d\u2019un tribunal ou pour prot\u00e9ger les droits ou la s\u00e9curit\u00e9 l\u2019exigent.<br \/>\nTransferts d\u2019entreprises\u00a0: En cas de fusion, d\u2019acquisition ou de vente d\u2019actifs.<br \/>\nFiliales\u00a0: Au sein du groupe.<br \/>\nConsentement\u00a0:<\/p>\n<p>Explique comment le consentement est obtenu (par exemple, consentement expr\u00e8s par case \u00e0 cocher, consentement implicite fond\u00e9 sur des actions).<br \/>\nIndique que les gens peuvent retirer leur consentement en tout temps, avec des instructions sur la marche \u00e0 suivre.<br \/>\nT\u00e9moins et technologies de suivi\u00a0:<\/p>\n<p>Explique l\u2019utilisation des t\u00e9moins, des balises Web et des technologies similaires.<br \/>\nD\u00e9crit les types de t\u00e9moins utilis\u00e9s (par exemple, de session, persistants, strictement n\u00e9cessaires, analytiques, marketing).<br \/>\nFournit des informations sur la fa\u00e7on dont les utilisateurs peuvent g\u00e9rer leurs pr\u00e9f\u00e9rences en mati\u00e8re de t\u00e9moins (par exemple, via les param\u00e8tres du navigateur).<\/p>\n","protected":false},"excerpt":{"rendered":"<p>Politique de confidentialit\u00e9 Contexte juridique canadien en mati\u00e8re de protection de la vie priv\u00e9e\u00a0: Au Canada, la protection de la vie priv\u00e9e dans le secteur priv\u00e9 est principalement r\u00e9gie par la Loi sur la protection des renseignements personnels et les documents \u00e9lectroniques (LPRPDE) au niveau f\u00e9d\u00e9ral. Certaines provinces (comme le Qu\u00e9bec, l&rsquo;Alberta et la Colombie-Britannique) [&hellip;]<\/p>\n","protected":false},"author":1,"featured_media":123,"parent":0,"menu_order":0,"comment_status":"closed","ping_status":"closed","template":"","meta":{"inline_featured_image":false,"footnotes":""},"class_list":["post-154","page","type-page","status-publish","has-post-thumbnail","hentry"],"_links":{"self":[{"href":"https:\/\/megatrade.ca\/fr\/wp-json\/wp\/v2\/pages\/154","targetHints":{"allow":["GET"]}}],"collection":[{"href":"https:\/\/megatrade.ca\/fr\/wp-json\/wp\/v2\/pages"}],"about":[{"href":"https:\/\/megatrade.ca\/fr\/wp-json\/wp\/v2\/types\/page"}],"author":[{"embeddable":true,"href":"https:\/\/megatrade.ca\/fr\/wp-json\/wp\/v2\/users\/1"}],"replies":[{"embeddable":true,"href":"https:\/\/megatrade.ca\/fr\/wp-json\/wp\/v2\/comments?post=154"}],"version-history":[{"count":2,"href":"https:\/\/megatrade.ca\/fr\/wp-json\/wp\/v2\/pages\/154\/revisions"}],"predecessor-version":[{"id":204,"href":"https:\/\/megatrade.ca\/fr\/wp-json\/wp\/v2\/pages\/154\/revisions\/204"}],"wp:featuredmedia":[{"embeddable":true,"href":"https:\/\/megatrade.ca\/fr\/wp-json\/wp\/v2\/media\/123"}],"wp:attachment":[{"href":"https:\/\/megatrade.ca\/fr\/wp-json\/wp\/v2\/media?parent=154"}],"curies":[{"name":"wp","href":"https:\/\/api.w.org\/{rel}","templated":true}]}}