{"id":153,"date":"2025-06-20T00:14:29","date_gmt":"2025-06-20T00:14:29","guid":{"rendered":"http:\/\/mega-trading.test\/conditions-generales\/"},"modified":"2025-06-23T22:16:25","modified_gmt":"2025-06-23T22:16:25","slug":"conditions-generales","status":"publish","type":"page","link":"https:\/\/megatrade.ca\/fr\/conditions-generales\/","title":{"rendered":"Conditions g\u00e9n\u00e9rales"},"content":{"rendered":"<p><strong>Conditions g\u00e9n\u00e9rales<\/strong><br \/>\n\u00c9l\u00e9ments communs des conditions g\u00e9n\u00e9rales commerciales au Canada\u00a0:<\/p>\n<p>Port\u00e9e de l&rsquo;entente\u00a0:<\/p>\n<p>D\u00e9finit les biens ou services \u00e9chang\u00e9s.<br \/>\nPr\u00e9cise que les conditions s\u2019appliquent \u00e0 toutes les commandes, achats ou services, sauf convention \u00e9crite contraire.<br \/>\nPassation et acceptation des commandes\u00a0:<\/p>\n<p>Mode de passation des commandes (par exemple, par \u00e9crit, en ligne).<br \/>\nMoment o\u00f9 une commande est consid\u00e9r\u00e9e comme accept\u00e9e par le vendeur.<br \/>\nConditions d\u2019annulation de la commande (souvent avec des p\u00e9nalit\u00e9s pour l\u2019acheteur).<br \/>\nPrix \u200b\u200bet modalit\u00e9s de paiement\u00a0:<\/p>\n<p>Devise\u00a0: G\u00e9n\u00e9ralement en dollars canadiens (CAD).<br \/>\nDates d\u2019\u00e9ch\u00e9ance des paiements\u00a0: Par exemple, \u00ab\u00a0net 30\u00a0jours\u00a0\u00bb, \u00ab\u00a0\u00e0 r\u00e9ception\u00a0\u00bb ou \u00ab\u00a0paiement anticip\u00e9\u00a0\u00bb.<br \/>\nP\u00e9nalit\u00e9s pour retard de paiement\u00a0: frais d\u2019int\u00e9r\u00eat (par exemple, taux pr\u00e9f\u00e9rentiel + 5\u00a0% par ann\u00e9e) ou frais forfaitaires pour les factures en souffrance.<br \/>\nD\u00e9caissements\u00a0: Mode de gestion et de remboursement des frais suppl\u00e9mentaires (droits de douane, taxes, fret, entreposage).<br \/>\nConditions de cr\u00e9dit\u00a0: Conditions d\u2019octroi de cr\u00e9dit, limites de cr\u00e9dit et actions en cas de non-paiement (par exemple, blocage de comptes, annulation d\u2019exp\u00e9ditions en attente).<br \/>\nLivraison et exp\u00e9dition\u00a0:<\/p>\n<p>Point de livraison\u00a0: Lieu o\u00f9 les marchandises sont consid\u00e9r\u00e9es comme livr\u00e9es (par exemple, d\u00e9part usine, FOB, DDP \u2013 souvent selon les Incoterms pour le commerce international).<br \/>\nRisque de perte\u00a0: Transfert du risque de dommage ou de perte des marchandises du vendeur \u00e0 l\u2019acheteur.<br \/>\nFrais d&rsquo;exp\u00e9dition\u00a0: Qui prend en charge le fret, l&rsquo;assurance et les autres frais li\u00e9s \u00e0 l&rsquo;exp\u00e9dition\u00a0?<br \/>\nD\u00e9lais de livraison\u00a0: Souvent donn\u00e9s \u00e0 titre indicatif, avec des clauses de non-responsabilit\u00e9 concernant les retards n\u2019entra\u00eenant ni indemnisation ni annulation.<br \/>\nDocumentation\u00a0: Exigences relatives aux connaissements, factures commerciales et autres documents d\u2019exp\u00e9dition.<br \/>\nSp\u00e9cifications et garanties du produit\u00a0:<\/p>\n<p>D\u00e9tails concernant les marchandises, y compris la qualit\u00e9, la quantit\u00e9 et les exigences sp\u00e9cifiques.<br \/>\nGaranties\u00a0: Garanties sur la qualit\u00e9 du produit, les mat\u00e9riaux et la fabrication.<br \/>\nExclusion de garantie\u00a0: Limites des garanties implicites.<br \/>\nRetours et plaintes\u00a0:<\/p>\n<p>D\u00e9lai de signalement des anomalies, des d\u00e9fauts ou des manquants (par exemple, dans les 8\u00a0jours suivant la livraison pour de nombreux produits).<br \/>\nConditions d\u2019acceptation des retours (n\u00e9cessitant souvent une autorisation pr\u00e9alable).<br \/>\nProc\u00e9dures de traitement des r\u00e9clamations.<br \/>\nPropri\u00e9t\u00e9 intellectuelle\u00a0:<\/p>\n<p>D\u00e9clarations relatives \u00e0 la propri\u00e9t\u00e9 intellectuelle des produits ou services.<br \/>\nLimitation de la responsabilit\u00e9\u00a0:<\/p>\n<p>Clauses limitant la responsabilit\u00e9 du vendeur en cas de dommages (par exemple, non-responsabilit\u00e9 pour les dommages indirects, accessoires ou cons\u00e9cutifs).<br \/>\nExclusion fr\u00e9quente de la responsabilit\u00e9 pour les \u00e9v\u00e9nements ind\u00e9pendants de sa volont\u00e9 (force majeure).<br \/>\nIndemnisation\u00a0:<\/p>\n<p>Ententes par lesquelles une partie s\u2019engage \u00e0 indemniser l\u2019autre pour les pertes ou dommages subis en raison d\u2019actions ou d\u2019inactions sp\u00e9cifiques.<br \/>\nConfidentialit\u00e9\u00a0:<\/p>\n<p>Protection des renseignements commerciaux sensibles partag\u00e9s entre les parties.<br \/>\nDroit applicable et r\u00e8glement des diff\u00e9rends\u00a0:<\/p>\n<p>Droit applicable\u00a0: Presque universellement, les conditions commerciales canadiennes pr\u00e9cisent que le contrat est r\u00e9gi par les lois d\u2019une province canadienne donn\u00e9e (p. ex., l\u2019Ontario, le Qu\u00e9bec, le Manitoba, ou \u00ab\u00a0les lois f\u00e9d\u00e9rales du Canada et les lois provinciales du Manitoba\u00a0\u00bb, comme dans le cas de Mega Group Inc.).<br \/>\nComp\u00e9tence\u00a0: Quels tribunaux auront comp\u00e9tence exclusive en cas de litige (p. ex., les tribunaux d\u2019une ville ou d\u2019une province sp\u00e9cifique).<br \/>\nMode alternatif de r\u00e8glement des diff\u00e9rends (MARC)\u00a0: Comprend parfois des dispositions de m\u00e9diation ou d\u2019arbitrage avant le recours \u00e0 un litige.<br \/>\nConsid\u00e9rations cl\u00e9s propres au Canada\u00a0:<\/p>\n<p>Taxes de vente canadiennes\u00a0: Connaissance de la taxe f\u00e9d\u00e9rale sur les produits et services (TPS) et des taxes de vente provinciales (TVP) ou de la taxe de vente harmonis\u00e9e (TVH) selon la destination d\u2019exp\u00e9dition.<br \/>\nAgence des services frontaliers du Canada (ASFC)\u00a0: Importance du respect de la r\u00e9glementation de l\u2019ASFC en mati\u00e8re d\u2019importation et d\u2019exportation, notamment en mati\u00e8re de d\u00e9clarations exactes et de paiement des droits et taxes.<br \/>\nConditions commerciales standard de l&rsquo;ATIC\u00a0: Pour les services d&rsquo;exp\u00e9dition de fret, de logistique et de courtage en douane, de nombreuses entreprises canadiennes adh\u00e8rent aux Conditions commerciales standard publi\u00e9es par l&rsquo;Association des transitaires internationaux canadiens (ATIC). Celles-ci fournissent un cadre commun pour les responsabilit\u00e9s, les obligations et les r\u00e9clamations dans la cha\u00eene logistique.<br \/>\nAccord de libre-\u00e9change canadien (ALEC)\u00a0: Pertinent pour le commerce int\u00e9rieur du Canada, il vise \u00e0 r\u00e9duire les obstacles au commerce interprovincial.<br \/>\nAccords commerciaux internationaux\u00a0: Pour le commerce international, les entreprises canadiennes op\u00e8rent dans le cadre d&rsquo;accords comme l&rsquo;AEUMC (avec les \u00c9tats-Unis et le Mexique) et divers accords de libre-\u00e9change avec d&rsquo;autres pays.<br \/>\nPour trouver les conditions g\u00e9n\u00e9rales pr\u00e9cises d&rsquo;une entit\u00e9 \u00ab\u00a0Mega Trade Canadian\u00a0\u00bb, vous devez\u00a0:<\/p>\n<p>Identifier le nom complet et officiel de l&rsquo;entreprise.<br \/>\nVisitez son site Web officiel et recherchez des sections comme \u00ab\u00a0Conditions g\u00e9n\u00e9rales\u00a0\u00bb, \u00ab\u00a0Mentions juridiques\u00a0\u00bb, \u00ab\u00a0Contrat d&rsquo;utilisation\u00a0\u00bb ou \u00ab\u00a0Politique de confidentialit\u00e9\u00a0\u00bb.<br \/>\nS&rsquo;il s&rsquo;agit d&rsquo;un fournisseur de services (comme une entreprise de logistique), consultez ses Conditions commerciales standard.<\/p>\n","protected":false},"excerpt":{"rendered":"<p>Conditions g\u00e9n\u00e9rales \u00c9l\u00e9ments communs des conditions g\u00e9n\u00e9rales commerciales au Canada\u00a0: Port\u00e9e de l&rsquo;entente\u00a0: D\u00e9finit les biens ou services \u00e9chang\u00e9s. Pr\u00e9cise que les conditions s\u2019appliquent \u00e0 toutes les commandes, achats ou services, sauf convention \u00e9crite contraire. Passation et acceptation des commandes\u00a0: Mode de passation des commandes (par exemple, par \u00e9crit, en ligne). Moment o\u00f9 une commande [&hellip;]<\/p>\n","protected":false},"author":1,"featured_media":125,"parent":0,"menu_order":0,"comment_status":"closed","ping_status":"closed","template":"","meta":{"inline_featured_image":false,"footnotes":""},"class_list":["post-153","page","type-page","status-publish","has-post-thumbnail","hentry"],"_links":{"self":[{"href":"https:\/\/megatrade.ca\/fr\/wp-json\/wp\/v2\/pages\/153","targetHints":{"allow":["GET"]}}],"collection":[{"href":"https:\/\/megatrade.ca\/fr\/wp-json\/wp\/v2\/pages"}],"about":[{"href":"https:\/\/megatrade.ca\/fr\/wp-json\/wp\/v2\/types\/page"}],"author":[{"embeddable":true,"href":"https:\/\/megatrade.ca\/fr\/wp-json\/wp\/v2\/users\/1"}],"replies":[{"embeddable":true,"href":"https:\/\/megatrade.ca\/fr\/wp-json\/wp\/v2\/comments?post=153"}],"version-history":[{"count":2,"href":"https:\/\/megatrade.ca\/fr\/wp-json\/wp\/v2\/pages\/153\/revisions"}],"predecessor-version":[{"id":203,"href":"https:\/\/megatrade.ca\/fr\/wp-json\/wp\/v2\/pages\/153\/revisions\/203"}],"wp:featuredmedia":[{"embeddable":true,"href":"https:\/\/megatrade.ca\/fr\/wp-json\/wp\/v2\/media\/125"}],"wp:attachment":[{"href":"https:\/\/megatrade.ca\/fr\/wp-json\/wp\/v2\/media?parent=153"}],"curies":[{"name":"wp","href":"https:\/\/api.w.org\/{rel}","templated":true}]}}